{"id":4893,"date":"2022-03-01T10:57:33","date_gmt":"2022-03-01T10:57:33","guid":{"rendered":"https:\/\/ittamarindo.com\/contact\/"},"modified":"2025-09-26T14:55:20","modified_gmt":"2025-09-26T14:55:20","slug":"contact","status":"publish","type":"page","link":"https:\/\/ittamarindo.com\/en\/contact\/","title":{"rendered":"Contact"},"content":{"rendered":"<p>[vc_row content_placement=&#8221;middle&#8221; css=&#8221;.vc_custom_1661885037952{padding-top: 20vh !important;padding-bottom: 20vh !important;background-image: url(https:\/\/ittamarindo.com\/wp-content\/uploads\/2022\/08\/it-tamarindo-stand-out.jpg?id=5261) !important;background-position: center !important;background-repeat: no-repeat !important;background-size: cover !important;}&#8221;][vc_column][\/vc_column][\/vc_row][vc_row row_content_width=&#8221;grid&#8221; css=&#8221;.vc_custom_1646132857737{padding-top: 70px !important;padding-bottom: 35px !important;}&#8221;][vc_column offset=&#8221;vc_col-lg-offset-0 vc_col-lg-5 vc_col-md-offset-0 vc_col-md-12 vc_col-sm-offset-0&#8243;]<div class=\"qodef-elements-holder   qodef-one-column  qodef-responsive-mode-768 \" ><div class=\"qodef-eh-item  qodef-vertical-alignment-top  \"  data-item-class=\"qodef-eh-custom-5234\" data-1400-1600=\"25px 0px 0 0\" data-1025-1399=\"25px 0px 0 0\" data-769-1024=\"25px 300px 132px 0\" data-681-768=\"25px 140px 132px 0\" data-680=\"25px 10px 132px 0\">\n\t<div class=\"qodef-eh-item-inner\">\n\t\t<div class=\"qodef-eh-item-content qodef-eh-custom-5234\" style=\"padding: 25px 88px 0 0\">\n\t\t\t<div class=\"qodef-section-title-holder  \" >\n\t<div class=\"qodef-st-inner\">\n        \t\t\t\t\t<h2 class=\"qodef-st-title\" >\n\t\t\t\tContactos\t\t\t<\/h2>\n\t\t\t\t\t\t\t<p class=\"qodef-st-text\" >\n\t\t\t\tCaso tenha alguma quest\u00e3o referente aos nossos produtos n\u00e3o hesite em nos contactar atrav\u00e9s deste formul\u00e1rio.\t\t\t<\/p>\n\t\t\t\t\t<\/div>\n<\/div>[vc_column_text]<\/p>\n<h5><a href=\"mailto:sales@ittamarindo.pt\"><span class=\"s2\">sales@ittamarindo.pt<\/span><\/a><\/h5>\n<p>[\/vc_column_text][vc_column_text]<a href=\"tel:00351925254733\">T +351 925 254 733<\/a><\/p>\n<p>(Chamada para a rede m\u00f3vel nacional)[\/vc_column_text][vc_empty_space height=&#8221;35px&#8221;][vc_empty_space height=&#8221;35px&#8221;]\t\t<\/div>\n\t<\/div>\n<\/div><\/div>[\/vc_column][vc_column offset=&#8221;vc_col-lg-offset-0 vc_col-lg-7 vc_col-md-offset-0 vc_col-md-12 vc_col-sm-offset-0&#8243;][vc_row_inner][vc_column_inner width=&#8221;1\/2&#8243;][vc_column_text]<\/p>\n<h5>Alphaiate Stores<\/h5>\n<p>[\/vc_column_text][vc_empty_space height=&#8221;10px&#8221;][vc_column_text]<strong>Lisbon<\/strong><\/p>\n<p>Rua 4 de Infantaria 96 A, Campo de Ourique<\/p>\n<p><strong>Braga<\/strong><\/p>\n<p>Rua de Janes 40[\/vc_column_text][vc_empty_space height=&#8221;25px&#8221;][\/vc_column_inner][vc_column_inner width=&#8221;1\/2&#8243;][vc_column_text]<\/p>\n<h5>Schedule<\/h5>\n<p>[\/vc_column_text][vc_empty_space height=&#8221;10px&#8221;][vc_column_text]Tuesdays to Fridays from 11am to 8pm (Lisbon) and from 10am to 7pm (Braga)<br \/>\nSaturday from 10am to 4pm (Lisbon and Braga)<br \/>\nClosed on Sunday, Monday and holidays.[\/vc_column_text][vc_empty_space height=&#8221;25px&#8221;][\/vc_column_inner][\/vc_row_inner][vc_empty_space height=&#8221;70px&#8221;][\/vc_column][\/vc_row][vc_row row_content_width=&#8221;grid&#8221; css=&#8221;.vc_custom_1646134424142{padding-top: 70px !important;padding-bottom: 105px !important;}&#8221;][vc_column]<div class=\"qodef-google-map-holder\">\n\t\t<div class=\"qodef-google-map\" id=\"qodef-map-2041044\" data-addresses='[\"Rua 4 de Infantaria 96 A Campo de Ourique, Lisbon\"]' data-custom-map-style=no data-color-overlay=#393939 data-saturation=-100 data-lightness=-60 data-zoom=12 data-pin=https:\/\/ittamarindo.com\/wp-content\/uploads\/2022\/03\/icon-map-2.png data-unique-id=2041044 data-scroll-wheel=no data-height=40vh data-snazzy-map-style=yes><\/div>\n\t\t\t<input type=\"hidden\" class=\"qodef-snazzy-map\" value=\"`{` { ``featureType``: ``administrative``, ``elementType``: ``labels.text.fill``, ``stylers``: `{` { ``color``: ``#444444`` } `}` }, { ``featureType``: ``landscape``, ``elementType``: ``all``, ``stylers``: `{` { ``color``: ``#f2f2f2`` } `}` }, { ``featureType``: ``poi``, ``elementType``: ``all``, ``stylers``: `{` { ``visibility``: ``off`` } `}` }, { ``featureType``: ``road``, ``elementType``: ``all``, ``stylers``: `{` { ``saturation``: -100 }, { ``lightness``: 45 } `}` }, { ``featureType``: ``road.highway``, ``elementType``: ``all``, ``stylers``: `{` { ``visibility``: ``simplified`` } `}` }, { ``featureType``: ``road.arterial``, ``elementType``: ``labels.icon``, ``stylers``: `{` { ``visibility``: ``off`` } `}` }, { ``featureType``: ``transit``, ``elementType``: ``all``, ``stylers``: `{` { ``visibility``: ``off`` } `}` }, { ``featureType``: ``water``, ``elementType``: ``all``, ``stylers``: `{` { ``color``: ``#b3cfb5`` }, { ``visibility``: ``on`` } `}` } `}`\"\/>\n\t\t\t\t<div class=\"qodef-google-map-overlay\"><\/div>\n\t<\/div>[\/vc_column][\/vc_row][vc_row disable_element=&#8221;yes&#8221; row_content_width=&#8221;grid&#8221; css=&#8221;.vc_custom_1646136317212{padding-top: 70px !important;padding-bottom: 105px !important;}&#8221;][vc_column][vc_gmaps link=&#8221;#E-8_JTNDaWZyYW1lJTIwc3JjJTNEJTIyaHR0cHMlM0ElMkYlMkZ3d3cuZ29vZ2xlLmNvbSUyRm1hcHMlMkZlbWJlZCUzRnBiJTNEJTIxMW0xNCUyMTFtOCUyMTFtMyUyMTFkMzExMi44NzQ1ODA0MTU2MTU2JTIxMmQtOS4xNjczODg4JTIxM2QzOC43MjA2ODg0JTIxM20yJTIxMWkxMDI0JTIxMmk3NjglMjE0ZjEzLjElMjEzbTMlMjExbTIlMjExczB4ZDE5MzMwNzAwZTRhNGZmJTI1M0EweDQ5YWZmYzRkMzI4MjQ2MGYlMjEyc0FscGhhaWF0ZSUyMTVlMCUyMTNtMiUyMTFzcHQtUFQlMjEyc3B0JTIxNHYxNjkyNjI2NTM2NjIyJTIxNW0yJTIxMXNwdC1QVCUyMTJzcHQlMjIlMjB3aWR0aCUzRCUyMjYwMCUyMiUyMGhlaWdodCUzRCUyMjQ1MCUyMiUyMHN0eWxlJTNEJTIyYm9yZGVyJTNBMCUzQiUyMiUyMGFsbG93ZnVsbHNjcmVlbiUzRCUyMiUyMiUyMGxvYWRpbmclM0QlMjJsYXp5JTIyJTIwcmVmZXJyZXJwb2xpY3klM0QlMjJuby1yZWZlcnJlci13aGVuLWRvd25ncmFkZSUyMiUzRSUzQyUyRmlmcmFtZSUzRQ==&#8221;][\/vc_column][\/vc_row]<\/p>\n","protected":false},"excerpt":{"rendered":"<p>[vc_row content_placement=&#8221;middle&#8221; css=&#8221;.vc_custom_1661885037952{padding-top: 20vh !important;padding-bottom: 20vh !important;background-image: url(https:\/\/ittamarindo.com\/wp-content\/uploads\/2022\/08\/it-tamarindo-stand-out.jpg?id=5261) !important;background-position: center !important;background-repeat: no-repeat !important;background-size: cover !important;}&#8221;][vc_column][\/vc_column][\/vc_row][vc_row row_content_width=&#8221;grid&#8221; css=&#8221;.vc_custom_1646132857737{padding-top: 70px !important;padding-bottom: 35px !important;}&#8221;][vc_column offset=&#8221;vc_col-lg-offset-0 vc_col-lg-5 vc_col-md-offset-0 vc_col-md-12 vc_col-sm-offset-0&#8243;][\/vc_column][vc_column offset=&#8221;vc_col-lg-offset-0 vc_col-lg-7 vc_col-md-offset-0 vc_col-md-12 vc_col-sm-offset-0&#8243;][vc_row_inner][vc_column_inner width=&#8221;1\/2&#8243;][vc_column_text] Alphaiate Stores [\/vc_column_text][vc_empty_space height=&#8221;10px&#8221;][vc_column_text]Lisbon Rua 4 de Infantaria [&hellip;]<\/p>\n","protected":false},"author":1,"featured_media":0,"parent":0,"menu_order":0,"comment_status":"closed","ping_status":"closed","template":"full-width.php","meta":{"footnotes":""},"class_list":["post-4893","page","type-page","status-publish","hentry"],"_links":{"self":[{"href":"https:\/\/ittamarindo.com\/en\/wp-json\/wp\/v2\/pages\/4893","targetHints":{"allow":["GET"]}}],"collection":[{"href":"https:\/\/ittamarindo.com\/en\/wp-json\/wp\/v2\/pages"}],"about":[{"href":"https:\/\/ittamarindo.com\/en\/wp-json\/wp\/v2\/types\/page"}],"author":[{"embeddable":true,"href":"https:\/\/ittamarindo.com\/en\/wp-json\/wp\/v2\/users\/1"}],"replies":[{"embeddable":true,"href":"https:\/\/ittamarindo.com\/en\/wp-json\/wp\/v2\/comments?post=4893"}],"version-history":[{"count":5,"href":"https:\/\/ittamarindo.com\/en\/wp-json\/wp\/v2\/pages\/4893\/revisions"}],"predecessor-version":[{"id":10835,"href":"https:\/\/ittamarindo.com\/en\/wp-json\/wp\/v2\/pages\/4893\/revisions\/10835"}],"wp:attachment":[{"href":"https:\/\/ittamarindo.com\/en\/wp-json\/wp\/v2\/media?parent=4893"}],"curies":[{"name":"wp","href":"https:\/\/api.w.org\/{rel}","templated":true}]}}